{"id":45,"date":"2024-08-15T14:21:44","date_gmt":"2024-08-15T13:21:44","guid":{"rendered":"https:\/\/pauseforyourenaissance.com\/?page_id=45"},"modified":"2025-10-12T15:11:23","modified_gmt":"2025-10-12T14:11:23","slug":"about","status":"publish","type":"page","link":"https:\/\/pauseforyourenaissance.com\/it\/about\/","title":{"rendered":"Chi Sono"},"content":{"rendered":"<div data-elementor-type=\"wp-page\" data-elementor-id=\"45\" class=\"elementor elementor-45\" data-elementor-post-type=\"page\">\n\t\t\t\t<div class=\"elementor-element elementor-element-151bb37 herosection e-flex e-con-boxed e-con e-parent\" data-id=\"151bb37\" data-element_type=\"container\" data-e-type=\"container\" data-settings=\"{&quot;background_background&quot;:&quot;video&quot;,&quot;background_video_link&quot;:&quot;https:\\\/\\\/youtu.be\\\/DX2KXv6eclc?si=VGBL3m2KMIUwZm7m&quot;,&quot;background_play_on_mobile&quot;:&quot;yes&quot;,&quot;background_privacy_mode&quot;:&quot;yes&quot;}\">\n\t\t\t\t\t<div class=\"e-con-inner\">\n\t\t<div class=\"elementor-background-video-container\">\n\t\t\t\t\t\t\t<div class=\"elementor-background-video-embed\" role=\"presentation\"><\/div>\n\t\t\t\t\t\t<\/div>\t\t<div class=\"elementor-element elementor-element-d705f46 elementor-widget elementor-widget-heading\" data-id=\"d705f46\" data-element_type=\"widget\" data-e-type=\"widget\" data-widget_type=\"heading.default\">\n\t\t\t\t<div class=\"elementor-widget-container\">\n\t\t\t\t\t<h2 class=\"elementor-heading-title elementor-size-default\">CHI SONO<\/h2>\t\t\t\t<\/div>\n\t\t\t\t<\/div>\n\t\t\t\t<div class=\"elementor-element elementor-element-34531b0 elementor-widget__width-initial elementor-widget elementor-widget-video\" data-id=\"34531b0\" data-element_type=\"widget\" data-e-type=\"widget\" data-settings=\"{&quot;video_type&quot;:&quot;hosted&quot;,&quot;autoplay&quot;:&quot;yes&quot;,&quot;play_on_mobile&quot;:&quot;yes&quot;,&quot;loop&quot;:&quot;yes&quot;}\" data-widget_type=\"video.default\">\n\t\t\t\t<div class=\"elementor-widget-container\">\n\t\t\t\t\t\t\t<div class=\"e-hosted-video elementor-wrapper elementor-open-inline\">\n\t\t\t\t\t<video class=\"elementor-video\" src=\"https:\/\/pauseforyourenaissance.com\/wp-content\/uploads\/2024\/10\/Rosi-Sea-1.mp3\" autoplay=\"\" loop=\"\" playsinline=\"\" controlslist=\"nodownload\"><\/video>\n\t\t\t\t<\/div>\n\t\t\t\t\t\t<\/div>\n\t\t\t\t<\/div>\n\t\t\t\t\t<\/div>\n\t\t\t\t<\/div>\n\t\t<div class=\"elementor-element elementor-element-f0fbe9c e-flex e-con-boxed e-con e-parent\" data-id=\"f0fbe9c\" data-element_type=\"container\" data-e-type=\"container\">\n\t\t\t\t\t<div class=\"e-con-inner\">\n\t\t<div class=\"elementor-element elementor-element-0c2a7e9 e-con-full e-flex elementor-invisible e-con e-child\" data-id=\"0c2a7e9\" data-element_type=\"container\" data-e-type=\"container\" data-settings=\"{&quot;background_background&quot;:&quot;classic&quot;,&quot;animation&quot;:&quot;fadeIn&quot;,&quot;animation_delay&quot;:100}\">\n\t\t\t\t<\/div>\n\t\t<div class=\"elementor-element elementor-element-d7c5fc4 e-con-full e-flex e-con e-child\" data-id=\"d7c5fc4\" data-element_type=\"container\" data-e-type=\"container\">\n\t\t\t\t<div class=\"elementor-element elementor-element-e9f42ee elementor-widget elementor-widget-heading\" data-id=\"e9f42ee\" data-element_type=\"widget\" data-e-type=\"widget\" data-widget_type=\"heading.default\">\n\t\t\t\t<div class=\"elementor-widget-container\">\n\t\t\t\t\t<h2 class=\"elementor-heading-title elementor-size-default\">Introduzione<\/h2>\t\t\t\t<\/div>\n\t\t\t\t<\/div>\n\t\t\t\t<div class=\"elementor-element elementor-element-2e0d94c elementor-widget elementor-widget-text-editor\" data-id=\"2e0d94c\" data-element_type=\"widget\" data-e-type=\"widget\" data-widget_type=\"text-editor.default\">\n\t\t\t\t<div class=\"elementor-widget-container\">\n\t\t\t\t\t\t\t\t\t<p><span style=\"font-weight: 400;\">Rinascimento \u00e8 una parola francese che significa \u201crinascita\u201d.<\/span><\/p>\t\t\t\t\t\t\t\t<\/div>\n\t\t\t\t<\/div>\n\t\t\t\t<div class=\"elementor-element elementor-element-693e567 elementor-widget elementor-widget-text-editor\" data-id=\"693e567\" data-element_type=\"widget\" data-e-type=\"widget\" data-widget_type=\"text-editor.default\">\n\t\t\t\t<div class=\"elementor-widget-container\">\n\t\t\t\t\t\t\t\t\t<p><span style=\"font-weight: 400;\">Il Rinascimento fu un periodo fervido di \u201crinascita\u201d culturale, artistica, politica ed economica europea dopo il Medioevo. Promosse la riscoperta della filosofia, della letteratura e dell'arte classiche.<\/span><\/p>\t\t\t\t\t\t\t\t<\/div>\n\t\t\t\t<\/div>\n\t\t\t\t<div class=\"elementor-element elementor-element-612200d elementor-widget elementor-widget-text-editor\" data-id=\"612200d\" data-element_type=\"widget\" data-e-type=\"widget\" data-widget_type=\"text-editor.default\">\n\t\t\t\t<div class=\"elementor-widget-container\">\n\t\t\t\t\t\t\t\t\t<p><span style=\"font-weight: 400;\">Ecco cosa puoi aspettarti dalle mie sessioni: il tuo Rinascimento.<\/span><\/p>\t\t\t\t\t\t\t\t<\/div>\n\t\t\t\t<\/div>\n\t\t\t\t<\/div>\n\t\t\t\t\t<\/div>\n\t\t\t\t<\/div>\n\t\t<div class=\"elementor-element elementor-element-f623a9b e-flex e-con-boxed e-con e-parent\" data-id=\"f623a9b\" data-element_type=\"container\" data-e-type=\"container\" data-settings=\"{&quot;background_background&quot;:&quot;gradient&quot;}\">\n\t\t\t\t\t<div class=\"e-con-inner\">\n\t\t\t\t<div class=\"elementor-element elementor-element-1da789d elementor-widget-divider--view-line_text elementor-widget-divider--element-align-center elementor-widget elementor-widget-divider\" data-id=\"1da789d\" data-element_type=\"widget\" data-e-type=\"widget\" data-widget_type=\"divider.default\">\n\t\t\t\t<div class=\"elementor-widget-container\">\n\t\t\t\t\t\t\t<div class=\"elementor-divider\">\n\t\t\t<span class=\"elementor-divider-separator\">\n\t\t\t\t\t\t\t<span class=\"elementor-divider__text elementor-divider__element\">\n\t\t\t\tPause For Your Renaissance\t\t\t\t<\/span>\n\t\t\t\t\t\t<\/span>\n\t\t<\/div>\n\t\t\t\t\t\t<\/div>\n\t\t\t\t<\/div>\n\t\t\t\t<div class=\"elementor-element elementor-element-a4c6438 elementor-widget__width-initial elementor-widget elementor-widget-text-editor\" data-id=\"a4c6438\" data-element_type=\"widget\" data-e-type=\"widget\" data-widget_type=\"text-editor.default\">\n\t\t\t\t<div class=\"elementor-widget-container\">\n\t\t\t\t\t\t\t\t\t<p><span style=\"font-weight: 400;\">Dalla mia esperienza personale ho imparato che prima del nostro \u201cRinascimento\u201d, o \u201crinascita\u201d, bisogna fare una pausa ed essere pronti ad accogliere la nuova versione di noi stessi. \u00c8 una rigenerazione.<\/span><\/p><p><span style=\"font-weight: 400;\">La Pausa pu\u00f2 durare giorni, settimane o anni, ma \u00e8 fondamentale per portare in superficie la nostra AUTENTICIT\u00c0. \u00c8 il momento in cui prendiamo coscienza che \u00e8 tempo di rinascere, e desideriamo fortemente che questi cambiamenti avvengano.<\/span><\/p><p><span style=\"font-weight: 400;\">La gente crede che l\u2019et\u00e0 sia il \u201cfattore del cambiamento\u201d, ma non sono completamente d\u2019accordo. Certo, cambiano di continuo, ogni anno: oggi non siamo certo quelli che eravamo a vent\u2019anni, n\u00e9 quelli che saremo a 60 o 70 anni.<\/span> <span style=\"font-weight: 400;\">E' vero si cambia.<\/span><\/p><p><span style=\"font-weight: 400;\">Sono per\u00f2 fermamente convinta che i cambiamenti si raggiungano \u201clavorando su se stessi\u201d: a mio avviso \u00e8 l\u2019unico modo sano di cambiare.  Questa strada richiede impegno e responsabilit\u00e0.<\/span><\/p>\t\t\t\t\t\t\t\t<\/div>\n\t\t\t\t<\/div>\n\t\t\t\t\t<\/div>\n\t\t\t\t<\/div>\n\t\t<div class=\"elementor-element elementor-element-67a5a90 e-flex e-con-boxed e-con e-parent\" data-id=\"67a5a90\" data-element_type=\"container\" data-e-type=\"container\" data-settings=\"{&quot;background_background&quot;:&quot;gradient&quot;}\">\n\t\t\t\t\t<div class=\"e-con-inner\">\n\t\t<div class=\"elementor-element elementor-element-0325f71 e-con-full e-flex e-con e-child\" data-id=\"0325f71\" data-element_type=\"container\" data-e-type=\"container\">\n\t\t\t\t<div class=\"elementor-element elementor-element-9bb1a64 elementor-widget-divider--view-line elementor-widget elementor-widget-divider\" data-id=\"9bb1a64\" data-element_type=\"widget\" data-e-type=\"widget\" data-widget_type=\"divider.default\">\n\t\t\t\t<div class=\"elementor-widget-container\">\n\t\t\t\t\t\t\t<div class=\"elementor-divider\">\n\t\t\t<span class=\"elementor-divider-separator\">\n\t\t\t\t\t\t<\/span>\n\t\t<\/div>\n\t\t\t\t\t\t<\/div>\n\t\t\t\t<\/div>\n\t\t\t\t<div class=\"elementor-element elementor-element-06b4a65 elementor-widget elementor-widget-heading\" data-id=\"06b4a65\" data-element_type=\"widget\" data-e-type=\"widget\" data-widget_type=\"heading.default\">\n\t\t\t\t<div class=\"elementor-widget-container\">\n\t\t\t\t\t<h4 class=\"elementor-heading-title elementor-size-default\">CHI SONO<\/h4>\t\t\t\t<\/div>\n\t\t\t\t<\/div>\n\t\t\t\t<div class=\"elementor-element elementor-element-303c0f2 elementor-widget elementor-widget-text-editor\" data-id=\"303c0f2\" data-element_type=\"widget\" data-e-type=\"widget\" data-widget_type=\"text-editor.default\">\n\t\t\t\t<div class=\"elementor-widget-container\">\n\t\t\t\t\t\t\t\t\t<p><span style=\"font-weight: 400;\">Sono stata una persona empatica e intuitiva fin da piccola, ma non ho avuto la possibilit\u00e0 di \u201cascoltare\u201d queste intuizioni o \u2013 per meglio dire \u2013 non era il momento giusto. Dicevo a mia nonna che le onde del mare possono comunicare con noi. Io e mia nonna amavamo il mare.<\/span><\/p><p><span style=\"font-weight: 400;\">Adoro anche il cielo notturno con la luna, le stelle e le costellazioni. Meraviglie infinite.<\/span><\/p><p><span style=\"font-weight: 400;\">Dieci anni fa ho iniziato con una consapevolezza pi\u00f9 profonda quello che definisco il mio viaggio verso la rinascita: il mio percorso. Il Viaggio \u00e8 diventato pi\u00f9 intenso nel 2021.<\/span><\/p><p><span style=\"font-weight: 400;\">Sono riuscita a cambiare la mia energia e ad accogliere la nuova Rosi. Donne incredibili mi hanno sostenuto in questo viaggio. Nessuno era l\u00ec per caso.<\/span><\/p>\t\t\t\t\t\t\t\t<\/div>\n\t\t\t\t<\/div>\n\t\t\t\t<\/div>\n\t\t\t\t<div class=\"elementor-element elementor-element-9c462e2 elementor-invisible elementor-widget elementor-widget-image\" data-id=\"9c462e2\" data-element_type=\"widget\" data-e-type=\"widget\" data-settings=\"{&quot;_animation&quot;:&quot;fadeIn&quot;,&quot;_animation_delay&quot;:100}\" data-widget_type=\"image.default\">\n\t\t\t\t<div class=\"elementor-widget-container\">\n\t\t\t\t\t\t\t\t\t\t\t\t\t\t\t<img fetchpriority=\"high\" decoding=\"async\" width=\"800\" height=\"798\" src=\"https:\/\/pauseforyourenaissance.com\/wp-content\/uploads\/2024\/09\/4-1024x1021.jpg\" class=\"attachment-large size-large wp-image-4826\" alt=\"Rosi Carriere About pause for your renaissance intuitive energy healing\" srcset=\"https:\/\/pauseforyourenaissance.com\/wp-content\/uploads\/2024\/09\/4-1024x1021.jpg 1024w, https:\/\/pauseforyourenaissance.com\/wp-content\/uploads\/2024\/09\/4-300x300.jpg 300w, https:\/\/pauseforyourenaissance.com\/wp-content\/uploads\/2024\/09\/4-150x150.jpg 150w, https:\/\/pauseforyourenaissance.com\/wp-content\/uploads\/2024\/09\/4-768x766.jpg 768w, https:\/\/pauseforyourenaissance.com\/wp-content\/uploads\/2024\/09\/4.jpg 1080w\" sizes=\"(max-width: 800px) 100vw, 800px\" \/>\t\t\t\t\t\t\t\t\t\t\t\t\t\t\t<\/div>\n\t\t\t\t<\/div>\n\t\t\t\t<div class=\"elementor-element elementor-element-8738c66 elementor-widget elementor-widget-text-editor\" data-id=\"8738c66\" data-element_type=\"widget\" data-e-type=\"widget\" data-widget_type=\"text-editor.default\">\n\t\t\t\t<div class=\"elementor-widget-container\">\n\t\t\t\t\t\t\t\t\t<p><span style=\"font-weight: 400;\">Quando inizi il tuo Percorso, il tuo Sviluppo e la tua Crescita Personale, il viaggio dura per sempre.<\/span><\/p><p><span style=\"font-weight: 400;\">Come essere umano, posso provare rabbia, posso sentirmi turbato, arrabbiato, frustrato, deluso. \u00c8 normale. Fa parte della vita. Ma ora posso dire ad alta voce che ho gli STRUMENTI per affrontare tutte queste emozioni e sono anche pronta ad affrontare sfide e difficolt\u00e0 per continuare a crescere.<\/span><\/p><p><span style=\"font-weight: 400;\">\u00a0<\/span><\/p><p><span style=\"font-weight: 400;\">...e se te lo stai chiedendo, s\u00ec, amo ancora il mare e le sue onde.<\/span><\/p>\t\t\t\t\t\t\t\t<\/div>\n\t\t\t\t<\/div>\n\t\t\t\t<div class=\"elementor-element elementor-element-01ab0b4 elementor-widget elementor-widget-text-editor\" data-id=\"01ab0b4\" data-element_type=\"widget\" data-e-type=\"widget\" data-widget_type=\"text-editor.default\">\n\t\t\t\t<div class=\"elementor-widget-container\">\n\t\t\t\t\t\t\t\t\t<p>&#8211; Rosi Carriere<\/p>\t\t\t\t\t\t\t\t<\/div>\n\t\t\t\t<\/div>\n\t\t\t\t\t<\/div>\n\t\t\t\t<\/div>\n\t\t<div class=\"elementor-element elementor-element-99e1cd3 e-flex e-con-boxed e-con e-parent\" data-id=\"99e1cd3\" data-element_type=\"container\" data-e-type=\"container\" data-settings=\"{&quot;background_background&quot;:&quot;classic&quot;}\">\n\t\t\t\t\t<div class=\"e-con-inner\">\n\t\t\t\t<div class=\"elementor-element elementor-element-c7e7627 elementor-widget-divider--view-line elementor-widget elementor-widget-divider\" data-id=\"c7e7627\" data-element_type=\"widget\" data-e-type=\"widget\" data-widget_type=\"divider.default\">\n\t\t\t\t<div class=\"elementor-widget-container\">\n\t\t\t\t\t\t\t<div class=\"elementor-divider\">\n\t\t\t<span class=\"elementor-divider-separator\">\n\t\t\t\t\t\t<\/span>\n\t\t<\/div>\n\t\t\t\t\t\t<\/div>\n\t\t\t\t<\/div>\n\t\t<div class=\"elementor-element elementor-element-d9251ce e-flex e-con-boxed e-con e-child\" data-id=\"d9251ce\" data-element_type=\"container\" data-e-type=\"container\">\n\t\t\t\t\t<div class=\"e-con-inner\">\n\t\t\t\t<div class=\"elementor-element elementor-element-d713379 elementor-view-default elementor-widget elementor-widget-icon\" data-id=\"d713379\" data-element_type=\"widget\" data-e-type=\"widget\" data-widget_type=\"icon.default\">\n\t\t\t\t<div class=\"elementor-widget-container\">\n\t\t\t\t\t\t\t<div class=\"elementor-icon-wrapper\">\n\t\t\t<div class=\"elementor-icon\">\n\t\t\t<svg aria-hidden=\"true\" class=\"e-font-icon-svg e-fas-water\" viewbox=\"0 0 576 512\" xmlns=\"http:\/\/www.w3.org\/2000\/svg\"><path d=\"M562.1 383.9c-21.5-2.4-42.1-10.5-57.9-22.9-14.1-11.1-34.2-11.3-48.2 0-37.9 30.4-107.2 30.4-145.7-1.5-13.5-11.2-33-9.1-46.7 1.8-38 30.1-106.9 30-145.2-1.7-13.5-11.2-33.3-8.9-47.1 2-15.5 12.2-36 20.1-57.7 22.4-7.9.8-13.6 7.8-13.6 15.7v32.2c0 9.1 7.6 16.8 16.7 16 28.8-2.5 56.1-11.4 79.4-25.9 56.5 34.6 137 34.1 192 0 56.5 34.6 137 34.1 192 0 23.3 14.2 50.9 23.3 79.1 25.8 9.1.8 16.7-6.9 16.7-16v-31.6c.1-8-5.7-15.4-13.8-16.3zm0-144c-21.5-2.4-42.1-10.5-57.9-22.9-14.1-11.1-34.2-11.3-48.2 0-37.9 30.4-107.2 30.4-145.7-1.5-13.5-11.2-33-9.1-46.7 1.8-38 30.1-106.9 30-145.2-1.7-13.5-11.2-33.3-8.9-47.1 2-15.5 12.2-36 20.1-57.7 22.4-7.9.8-13.6 7.8-13.6 15.7v32.2c0 9.1 7.6 16.8 16.7 16 28.8-2.5 56.1-11.4 79.4-25.9 56.5 34.6 137 34.1 192 0 56.5 34.6 137 34.1 192 0 23.3 14.2 50.9 23.3 79.1 25.8 9.1.8 16.7-6.9 16.7-16v-31.6c.1-8-5.7-15.4-13.8-16.3zm0-144C540.6 93.4 520 85.4 504.2 73 490.1 61.9 470 61.7 456 73c-37.9 30.4-107.2 30.4-145.7-1.5-13.5-11.2-33-9.1-46.7 1.8-38 30.1-106.9 30-145.2-1.7-13.5-11.2-33.3-8.9-47.1 2-15.5 12.2-36 20.1-57.7 22.4-7.9.8-13.6 7.8-13.6 15.7v32.2c0 9.1 7.6 16.8 16.7 16 28.8-2.5 56.1-11.4 79.4-25.9 56.5 34.6 137 34.1 192 0 56.5 34.6 137 34.1 192 0 23.3 14.2 50.9 23.3 79.1 25.8 9.1.8 16.7-6.9 16.7-16v-31.6c.1-8-5.7-15.4-13.8-16.3z\"><\/path><\/svg>\t\t\t<\/div>\n\t\t<\/div>\n\t\t\t\t\t\t<\/div>\n\t\t\t\t<\/div>\n\t\t\t\t<div class=\"elementor-element elementor-element-245b2b3 elementor-widget elementor-widget-testimonial\" data-id=\"245b2b3\" data-element_type=\"widget\" data-e-type=\"widget\" data-widget_type=\"testimonial.default\">\n\t\t\t\t<div class=\"elementor-widget-container\">\n\t\t\t\t\t\t\t<div class=\"elementor-testimonial-wrapper\">\n\t\t\t\t\t\t\t<div class=\"elementor-testimonial-content\">\"Pensa in termini di energia,<br>frequenza e vibrazione.\"<\/div>\n\t\t\t\n\t\t\t\t\t\t<div class=\"elementor-testimonial-meta\">\n\t\t\t\t<div class=\"elementor-testimonial-meta-inner\">\n\t\t\t\t\t\n\t\t\t\t\t\t\t\t\t\t<div class=\"elementor-testimonial-details\">\n\t\t\t\t\t\t\t\t\t\t\t\t\t\t<div class=\"elementor-testimonial-name\">N. Tesla<\/div>\n\t\t\t\t\t\t\t\t\t\t\t\t\t\t\t\t\t\t\t<\/div>\n\t\t\t\t\t\t\t\t\t<\/div>\n\t\t\t<\/div>\n\t\t\t\t\t<\/div>\n\t\t\t\t\t\t<\/div>\n\t\t\t\t<\/div>\n\t\t\t\t\t<\/div>\n\t\t\t\t<\/div>\n\t\t\t\t\t<\/div>\n\t\t\t\t<\/div>\n\t\t<div class=\"elementor-element elementor-element-df1b8c5 e-flex e-con-boxed e-con e-parent\" data-id=\"df1b8c5\" data-element_type=\"container\" data-e-type=\"container\" data-settings=\"{&quot;background_background&quot;:&quot;gradient&quot;}\">\n\t\t\t\t\t<div class=\"e-con-inner\">\n\t\t\t\t<div class=\"elementor-element elementor-element-95fb209 elementor-widget elementor-widget-heading\" data-id=\"95fb209\" data-element_type=\"widget\" data-e-type=\"widget\" data-widget_type=\"heading.default\">\n\t\t\t\t<div class=\"elementor-widget-container\">\n\t\t\t\t\t<h5 class=\"elementor-heading-title elementor-size-default\">Qualifiche e Corsi<\/h5>\t\t\t\t<\/div>\n\t\t\t\t<\/div>\n\t\t<div class=\"elementor-element elementor-element-e9d66cb e-con-full e-flex e-con e-child\" data-id=\"e9d66cb\" data-element_type=\"container\" data-e-type=\"container\">\n\t\t\t\t<div class=\"elementor-element elementor-element-9f7372a elementor-widget elementor-widget-text-editor\" data-id=\"9f7372a\" data-element_type=\"widget\" data-e-type=\"widget\" data-widget_type=\"text-editor.default\">\n\t\t\t\t<div class=\"elementor-widget-container\">\n\t\t\t\t\t\t\t\t\t<p>\u2013 ThetaHealing DNA Base<\/p><p>\u2013 ThetaHealing DNA Avanzato<\/p><p>\u2013 ThetaHealing Scavo profondo (Dig Deeper)<\/p><p>\u2013 ThetaHealing RHYTHM to a Perfect Weight\/Per trovare il tuo peso perfetto<\/p><p>Rahanni<\/p><p>\u2013 Lettura Carte Oracolari<\/p><p>&#8211; Life Coaching<\/p><p>&#8211; ThetaHealing You and the Creator<\/p><p>\u2013  ThetaHealing Manifestazione e Abbondanza \u2013 prossimamente<\/p><p>\u2013 ThetaHealing La Sinfonia degli Ormoni<\/p><p><span style=\"text-decoration: underline;\">Studi:<\/span><\/p><p>\u2013 in Filosofia<\/p><p>&#8211; 19 Years + in the Finance Industry<\/p>\t\t\t\t\t\t\t\t<\/div>\n\t\t\t\t<\/div>\n\t\t\t\t<\/div>\n\t\t\t\t\t<\/div>\n\t\t\t\t<\/div>\n\t\t<div class=\"elementor-element elementor-element-111d625 e-flex e-con-boxed e-con e-parent\" data-id=\"111d625\" data-element_type=\"container\" data-e-type=\"container\" data-settings=\"{&quot;background_background&quot;:&quot;gradient&quot;}\">\n\t\t\t\t\t<div class=\"e-con-inner\">\n\t\t\t\t<div class=\"elementor-element elementor-element-8e74e60 elementor-view-default elementor-widget elementor-widget-icon\" data-id=\"8e74e60\" data-element_type=\"widget\" data-e-type=\"widget\" data-widget_type=\"icon.default\">\n\t\t\t\t<div class=\"elementor-widget-container\">\n\t\t\t\t\t\t\t<div class=\"elementor-icon-wrapper\">\n\t\t\t<div class=\"elementor-icon\">\n\t\t\t<svg aria-hidden=\"true\" class=\"e-font-icon-svg e-far-star\" viewbox=\"0 0 576 512\" xmlns=\"http:\/\/www.w3.org\/2000\/svg\"><path d=\"M528.1 171.5L382 150.2 316.7 17.8c-11.7-23.6-45.6-23.9-57.4 0L194 150.2 47.9 171.5c-26.2 3.8-36.7 36.1-17.7 54.6l105.7 103-25 145.5c-4.5 26.3 23.2 46 46.4 33.7L288 439.6l130.7 68.7c23.2 12.2 50.9-7.4 46.4-33.7l-25-145.5 105.7-103c19-18.5 8.5-50.8-17.7-54.6zM388.6 312.3l23.7 138.4L288 385.4l-124.3 65.3 23.7-138.4-100.6-98 139-20.2 62.2-126 62.2 126 139 20.2-100.6 98z\"><\/path><\/svg>\t\t\t<\/div>\n\t\t<\/div>\n\t\t\t\t\t\t<\/div>\n\t\t\t\t<\/div>\n\t\t\t\t<div class=\"elementor-element elementor-element-6d5fbed elementor-widget elementor-widget-heading\" data-id=\"6d5fbed\" data-element_type=\"widget\" data-e-type=\"widget\" data-widget_type=\"heading.default\">\n\t\t\t\t<div class=\"elementor-widget-container\">\n\t\t\t\t\t<h5 class=\"elementor-heading-title elementor-size-default\">vuoi saperne di pi\u00f9?<\/h5>\t\t\t\t<\/div>\n\t\t\t\t<\/div>\n\t\t\t\t<div class=\"elementor-element elementor-element-87802f2 elementor-widget elementor-widget-text-editor\" data-id=\"87802f2\" data-element_type=\"widget\" data-e-type=\"widget\" data-widget_type=\"text-editor.default\">\n\t\t\t\t<div class=\"elementor-widget-container\">\n\t\t\t\t\t\t\t\t\t<p>Ottieni maggiori informazioni su come posso aiutarti con le sessioni individuali<\/p>\t\t\t\t\t\t\t\t<\/div>\n\t\t\t\t<\/div>\n\t\t\t\t<div class=\"elementor-element elementor-element-93d04bc elementor-widget elementor-widget-button\" data-id=\"93d04bc\" data-element_type=\"widget\" data-e-type=\"widget\" data-widget_type=\"button.default\">\n\t\t\t\t<div class=\"elementor-widget-container\">\n\t\t\t\t\t\t\t\t\t<div class=\"elementor-button-wrapper\">\n\t\t\t\t\t<a class=\"elementor-button elementor-button-link elementor-size-sm\" href=\"https:\/\/pauseforyourenaissance.com\/it\/sessions\/\">\n\t\t\t\t\t\t<span class=\"elementor-button-content-wrapper\">\n\t\t\t\t\t\t\t\t\t<span class=\"elementor-button-text\">Sessioni con Rosi<\/span>\n\t\t\t\t\t<\/span>\n\t\t\t\t\t<\/a>\n\t\t\t\t<\/div>\n\t\t\t\t\t\t\t\t<\/div>\n\t\t\t\t<\/div>\n\t\t\t\t\t<\/div>\n\t\t\t\t<\/div>\n\t\t\t\t<\/div>","protected":false},"excerpt":{"rendered":"<p>ABOUT ROSI https:\/\/pauseforyourenaissance.com\/wp-content\/uploads\/2024\/10\/Rosi-Sea-1.mp3 About Renassaince Renaissance is a French word meaning \u201crebirth.\u201d It refers to a period in European civilization that was marked by a revival of classical learning and wisdom. The Renaissance was a fervent period of European cultural, artistic, political, and economic \u201crebirth\u201d following the Middle Ages. Generally described as taking place from [&hellip;]<\/p>\n","protected":false},"author":1,"featured_media":0,"parent":0,"menu_order":0,"comment_status":"closed","ping_status":"closed","template":"","meta":{"_acf_changed":false,"footnotes":""},"class_list":["post-45","page","type-page","status-publish","hentry"],"acf":[],"jetpack_sharing_enabled":true,"_links":{"self":[{"href":"https:\/\/pauseforyourenaissance.com\/it\/wp-json\/wp\/v2\/pages\/45","targetHints":{"allow":["GET"]}}],"collection":[{"href":"https:\/\/pauseforyourenaissance.com\/it\/wp-json\/wp\/v2\/pages"}],"about":[{"href":"https:\/\/pauseforyourenaissance.com\/it\/wp-json\/wp\/v2\/types\/page"}],"author":[{"embeddable":true,"href":"https:\/\/pauseforyourenaissance.com\/it\/wp-json\/wp\/v2\/users\/1"}],"replies":[{"embeddable":true,"href":"https:\/\/pauseforyourenaissance.com\/it\/wp-json\/wp\/v2\/comments?post=45"}],"version-history":[{"count":771,"href":"https:\/\/pauseforyourenaissance.com\/it\/wp-json\/wp\/v2\/pages\/45\/revisions"}],"predecessor-version":[{"id":6434,"href":"https:\/\/pauseforyourenaissance.com\/it\/wp-json\/wp\/v2\/pages\/45\/revisions\/6434"}],"wp:attachment":[{"href":"https:\/\/pauseforyourenaissance.com\/it\/wp-json\/wp\/v2\/media?parent=45"}],"curies":[{"name":"wp","href":"https:\/\/api.w.org\/{rel}","templated":true}]}}