{"id":47,"date":"2024-08-15T14:21:44","date_gmt":"2024-08-15T13:21:44","guid":{"rendered":"https:\/\/pauseforyourenaissance.com\/?page_id=47"},"modified":"2024-10-02T14:22:18","modified_gmt":"2024-10-02T13:22:18","slug":"thetahealing-sessions","status":"publish","type":"page","link":"https:\/\/pauseforyourenaissance.com\/it\/thetahealing-sessions\/","title":{"rendered":"ThetaHealing Sessioni"},"content":{"rendered":"<div data-elementor-type=\"wp-page\" data-elementor-id=\"47\" class=\"elementor elementor-47\" data-elementor-post-type=\"page\">\n\t\t\t\t<div class=\"elementor-element elementor-element-c32a72b e-flex e-con-boxed e-con e-parent\" data-id=\"c32a72b\" data-element_type=\"container\" data-e-type=\"container\" data-settings=\"{&quot;background_background&quot;:&quot;gradient&quot;}\">\n\t\t\t\t\t<div class=\"e-con-inner\">\n\t\t\t\t<div class=\"elementor-element elementor-element-93d84ea elementor-widget elementor-widget-heading\" data-id=\"93d84ea\" data-element_type=\"widget\" data-e-type=\"widget\" data-widget_type=\"heading.default\">\n\t\t\t\t<div class=\"elementor-widget-container\">\n\t\t\t\t\t<h2 class=\"elementor-heading-title elementor-size-default\">ThetaHealing Sessioni<\/h2>\t\t\t\t<\/div>\n\t\t\t\t<\/div>\n\t\t\t\t\t<\/div>\n\t\t\t\t<\/div>\n\t\t<div class=\"elementor-element elementor-element-c0b7495 e-flex e-con-boxed e-con e-parent\" data-id=\"c0b7495\" data-element_type=\"container\" data-e-type=\"container\">\n\t\t\t\t\t<div class=\"e-con-inner\">\n\t\t\t\t<div class=\"elementor-element elementor-element-41da9c7 elementor-widget elementor-widget-testimonial\" data-id=\"41da9c7\" data-element_type=\"widget\" data-e-type=\"widget\" data-widget_type=\"testimonial.default\">\n\t\t\t\t<div class=\"elementor-widget-container\">\n\t\t\t\t\t\t\t<div class=\"elementor-testimonial-wrapper\">\n\t\t\t\t\t\t\t<div class=\"elementor-testimonial-content\">\u201cThetaHealing\u00ae \u00e8 una tecnica di meditazione e filosofia spirituale di fama mondiale fondata da Vianna Stibal. La tecnica ThetaHealing aiuta a migliorare la mente, il corpo e lo spirito connettendoti con il Creatore di tutto ci\u00f2 che \u00e8.\"<\/div>\n\t\t\t\n\t\t\t\t\t<\/div>\n\t\t\t\t\t\t<\/div>\n\t\t\t\t<\/div>\n\t\t\t\t\t<\/div>\n\t\t\t\t<\/div>\n\t\t<div class=\"elementor-element elementor-element-78c6292 e-flex e-con-boxed e-con e-parent\" data-id=\"78c6292\" data-element_type=\"container\" data-e-type=\"container\">\n\t\t\t\t\t<div class=\"e-con-inner\">\n\t\t<div class=\"elementor-element elementor-element-41cef8f e-con-full e-flex e-con e-child\" data-id=\"41cef8f\" data-element_type=\"container\" data-e-type=\"container\" data-settings=\"{&quot;background_background&quot;:&quot;classic&quot;}\">\n\t\t\t\t<\/div>\n\t\t<div class=\"elementor-element elementor-element-112febd e-con-full e-flex e-con e-child\" data-id=\"112febd\" data-element_type=\"container\" data-e-type=\"container\">\n\t\t\t\t<div class=\"elementor-element elementor-element-0b13d35 elementor-widget elementor-widget-heading\" data-id=\"0b13d35\" data-element_type=\"widget\" data-e-type=\"widget\" data-widget_type=\"heading.default\">\n\t\t\t\t<div class=\"elementor-widget-container\">\n\t\t\t\t\t<h2 class=\"elementor-heading-title elementor-size-default\">ThetaHealing<\/h2>\t\t\t\t<\/div>\n\t\t\t\t<\/div>\n\t\t\t\t<div class=\"elementor-element elementor-element-badfc0f elementor-widget elementor-widget-text-editor\" data-id=\"badfc0f\" data-element_type=\"widget\" data-e-type=\"widget\" data-widget_type=\"text-editor.default\">\n\t\t\t\t<div class=\"elementor-widget-container\">\n\t\t\t\t\t\t\t\t\t<p>Il ThetaHealing \u00e8 una terapia dinamica che utilizza la meditazione dello stato di sogno, la fisica quantistica e l\u2019epigenetica per eliminare i blocchi e creare senza difficolt\u00e0.<\/p><p>ThetaHealing utilizza la meditazione per portarti in un'onda cerebrale Theta, che fondamentalmente \u00e8 uno stato super rilassato simile a quello che raggiungiamo prima di addormentarci. Una volta che sei in quello stato rilassato, il ThetaHealer pu\u00f2 parlare al tuo subconscio.<\/p><p>L'onda cerebrale Theta - uno stato di profondo rilassamento - consente al ThetaHealer di contattare la tua mente subconscia dove sono archiviate le tue esperienze, ricordi, creativit\u00e0, emozioni, credenze e connessioni spirituali. Non \u00e8 ipnosi.<\/p><p>Ricorda, sei responsabile di tutto ci\u00f2 che accade nella tua vita e solo tu hai il potere di cambiarla.<\/p>\t\t\t\t\t\t\t\t<\/div>\n\t\t\t\t<\/div>\n\t\t\t\t<\/div>\n\t\t\t\t\t<\/div>\n\t\t\t\t<\/div>\n\t\t<div class=\"elementor-element elementor-element-020881a e-flex e-con-boxed e-con e-parent\" data-id=\"020881a\" data-element_type=\"container\" data-e-type=\"container\" data-settings=\"{&quot;background_background&quot;:&quot;gradient&quot;}\">\n\t\t\t\t\t<div class=\"e-con-inner\">\n\t\t\t\t<div class=\"elementor-element elementor-element-b57fad8 elementor-widget-divider--view-line_text elementor-widget__width-initial elementor-widget-divider--element-align-center elementor-widget elementor-widget-divider\" data-id=\"b57fad8\" data-element_type=\"widget\" data-e-type=\"widget\" data-widget_type=\"divider.default\">\n\t\t\t\t<div class=\"elementor-widget-container\">\n\t\t\t\t\t\t\t<div class=\"elementor-divider\">\n\t\t\t<span class=\"elementor-divider-separator\">\n\t\t\t\t\t\t\t<span class=\"elementor-divider__text elementor-divider__element\">\n\t\t\t\tThetaHealing pu\u00f2 essere d\u2019aiuto nelle seguenti aree\t\t\t\t<\/span>\n\t\t\t\t\t\t<\/span>\n\t\t<\/div>\n\t\t\t\t\t\t<\/div>\n\t\t\t\t<\/div>\n\t\t\t\t<div class=\"elementor-element elementor-element-4925822 elementor-widget__width-initial elementor-invisible elementor-widget elementor-widget-text-editor\" data-id=\"4925822\" data-element_type=\"widget\" data-e-type=\"widget\" data-settings=\"{&quot;_animation&quot;:&quot;fadeInLeft&quot;}\" data-widget_type=\"text-editor.default\">\n\t\t\t\t<div class=\"elementor-widget-container\">\n\t\t\t\t\t\t\t\t\t<p>Perdita di peso<\/p>\n<p>Energia e motivazione<\/p>\n<p>Creare nuove convinzioni<\/p>\n<p>Change how we feel<\/p>\n<p>Salute e malattia<\/p>\n<p>Trovare l'amore e l'anima gemella<\/p>\n<p>Problemi relazionali<\/p>\n<p>Rompere gli schemi<\/p>\t\t\t\t\t\t\t\t<\/div>\n\t\t\t\t<\/div>\n\t\t\t\t<div class=\"elementor-element elementor-element-1c07b88 elementor-widget__width-initial elementor-invisible elementor-widget elementor-widget-text-editor\" data-id=\"1c07b88\" data-element_type=\"widget\" data-e-type=\"widget\" data-settings=\"{&quot;_animation&quot;:&quot;fadeInRight&quot;}\" data-widget_type=\"text-editor.default\">\n\t\t\t\t<div class=\"elementor-widget-container\">\n\t\t\t\t\t\t\t\t\t<p>Come guarire il cuore spezzato<\/p><p>Superare paure e fobie<br><\/p>\n<p>Problemi emotivi come senso di colpa, tristezza, vergogna, gelosia e altro<\/p>\n<p>Lutto e dolore<\/p>\n<p>Solitudine<\/p>\n<p>Stress e ansia<\/p>\n<p>Manifestare quello che vuoi realizzare nella tua vita<\/p>\n<p><span style=\"text-align: center;\">Crescita<\/span><br><\/p>\t\t\t\t\t\t\t\t<\/div>\n\t\t\t\t<\/div>\n\t\t\t\t<div class=\"elementor-element elementor-element-f40bf76 elementor-align-center elementor-widget__width-inherit elementor-widget elementor-widget-button\" data-id=\"f40bf76\" data-element_type=\"widget\" data-e-type=\"widget\" data-widget_type=\"button.default\">\n\t\t\t\t<div class=\"elementor-widget-container\">\n\t\t\t\t\t\t\t\t\t<div class=\"elementor-button-wrapper\">\n\t\t\t\t\t<a class=\"elementor-button elementor-button-link elementor-size-sm\" href=\"https:\/\/pauseforyourenaissance.com\/it\/discovery-call\/\">\n\t\t\t\t\t\t<span class=\"elementor-button-content-wrapper\">\n\t\t\t\t\t\t\t\t\t<span class=\"elementor-button-text\">Prenota una videochiamata conoscitiva<\/span>\n\t\t\t\t\t<\/span>\n\t\t\t\t\t<\/a>\n\t\t\t\t<\/div>\n\t\t\t\t\t\t\t\t<\/div>\n\t\t\t\t<\/div>\n\t\t\t\t\t<\/div>\n\t\t\t\t<\/div>\n\t\t<div class=\"elementor-element elementor-element-987f105 e-flex e-con-boxed e-con e-parent\" data-id=\"987f105\" data-element_type=\"container\" data-e-type=\"container\" id=\"packages\" data-settings=\"{&quot;background_background&quot;:&quot;gradient&quot;}\">\n\t\t\t\t\t<div class=\"e-con-inner\">\n\t\t\t\t<div class=\"elementor-element elementor-element-0ee7e2b elementor-widget elementor-widget-heading\" data-id=\"0ee7e2b\" data-element_type=\"widget\" data-e-type=\"widget\" data-widget_type=\"heading.default\">\n\t\t\t\t<div class=\"elementor-widget-container\">\n\t\t\t\t\t<h2 class=\"elementor-heading-title elementor-size-default\">Pacchetti<\/h2>\t\t\t\t<\/div>\n\t\t\t\t<\/div>\n\t\t\t\t<div class=\"elementor-element elementor-element-df7e15d elementor-widget__width-initial elementor-widget elementor-widget-text-editor\" data-id=\"df7e15d\" data-element_type=\"widget\" data-e-type=\"widget\" data-widget_type=\"text-editor.default\">\n\t\t\t\t<div class=\"elementor-widget-container\">\n\t\t\t\t\t\t\t\t\t<p>Ti invitiamo a guardare i nostri pacchetti\nOgni pacchetto ti offre un viaggio personalizzato e coinvolgente<\/p><p>Se la distanza lo permette, la sessione pu\u00f2 essere tenuta di persona \u2013 si fornisce anche il servizio a domicilio a un costo aggiuntivo \u2013 oppure online.<br><\/p>\t\t\t\t\t\t\t\t<\/div>\n\t\t\t\t<\/div>\n\t\t<div class=\"elementor-element elementor-element-45d241a e-con-full e-flex elementor-invisible e-con e-child\" data-id=\"45d241a\" data-element_type=\"container\" data-e-type=\"container\" id=\"pause\" data-settings=\"{&quot;animation&quot;:&quot;fadeIn&quot;,&quot;background_background&quot;:&quot;classic&quot;,&quot;animation_delay&quot;:0}\">\n\t\t\t\t<div class=\"elementor-element elementor-element-8671dff elementor-view-default elementor-widget elementor-widget-icon\" data-id=\"8671dff\" data-element_type=\"widget\" data-e-type=\"widget\" data-widget_type=\"icon.default\">\n\t\t\t\t<div class=\"elementor-widget-container\">\n\t\t\t\t\t\t\t<div class=\"elementor-icon-wrapper\">\n\t\t\t<div class=\"elementor-icon\">\n\t\t\t<svg aria-hidden=\"true\" class=\"e-font-icon-svg e-fas-venus\" viewbox=\"0 0 288 512\" xmlns=\"http:\/\/www.w3.org\/2000\/svg\"><path d=\"M288 176c0-79.5-64.5-144-144-144S0 96.5 0 176c0 68.5 47.9 125.9 112 140.4V368H76c-6.6 0-12 5.4-12 12v40c0 6.6 5.4 12 12 12h36v36c0 6.6 5.4 12 12 12h40c6.6 0 12-5.4 12-12v-36h36c6.6 0 12-5.4 12-12v-40c0-6.6-5.4-12-12-12h-36v-51.6c64.1-14.5 112-71.9 112-140.4zm-224 0c0-44.1 35.9-80 80-80s80 35.9 80 80-35.9 80-80 80-80-35.9-80-80z\"><\/path><\/svg>\t\t\t<\/div>\n\t\t<\/div>\n\t\t\t\t\t\t<\/div>\n\t\t\t\t<\/div>\n\t\t\t\t<div class=\"elementor-element elementor-element-c5d16f7 elementor-widget elementor-widget-heading\" data-id=\"c5d16f7\" data-element_type=\"widget\" data-e-type=\"widget\" data-widget_type=\"heading.default\">\n\t\t\t\t<div class=\"elementor-widget-container\">\n\t\t\t\t\t<h3 class=\"elementor-heading-title elementor-size-default\">The Journey Pause  pacchetto per le Donne in perimenopausa \u2013 menopausa \u2013 post menopausa.<\/h3>\t\t\t\t<\/div>\n\t\t\t\t<\/div>\n\t\t\t\t<div class=\"elementor-element elementor-element-9236704 elementor-widget elementor-widget-text-editor\" data-id=\"9236704\" data-element_type=\"widget\" data-e-type=\"widget\" data-widget_type=\"text-editor.default\">\n\t\t\t\t<div class=\"elementor-widget-container\">\n\t\t\t\t\t\t\t\t\t<p><span style=\"font-weight: 400;\">Per alcune donne la perimenopausa inizia intorno ai 30 anni, ma nella maggior parte dei casi si verifica tra i 40 e i 44 anni.<br \/><\/span><span style=\"font-weight: 400;\">La menopausa segna la fine del ciclo mestruale.<br \/><\/span><span style=\"font-weight: 400;\">La post-menopausa riguarda il resto della vita delle donne.<\/span><\/p><p><span style=\"font-weight: 400;\">I cambiamenti ormonali che influenzano il ciclo mestruale durante la perimenopausa condizionano anche le tue emozioni. Inoltre, i sintomi fisici della menopausa portano a stress e affaticamento, intensificando le emozioni.<\/span><\/p><p><span style=\"font-weight: 400;\">Ti offro il mio aiuto per supportarti e guidarti a livello emotivo. Credo nella connessione tra corpo e mente. I risultati sono differenti da persona a persona. Ricordiamoci sempre che ognuno \u00e8 diverso.<\/span><\/p>\t\t\t\t\t\t\t\t<\/div>\n\t\t\t\t<\/div>\n\t\t\t\t<div class=\"elementor-element elementor-element-a3f4007 elementor-widget elementor-widget-button\" data-id=\"a3f4007\" data-element_type=\"widget\" data-e-type=\"widget\" data-widget_type=\"button.default\">\n\t\t\t\t<div class=\"elementor-widget-container\">\n\t\t\t\t\t\t\t\t\t<div class=\"elementor-button-wrapper\">\n\t\t\t\t\t<a class=\"elementor-button elementor-button-link elementor-size-sm\" href=\"https:\/\/pauseforyourenaissance.com\/it\/discovery-call\/\">\n\t\t\t\t\t\t<span class=\"elementor-button-content-wrapper\">\n\t\t\t\t\t\t\t\t\t<span class=\"elementor-button-text\">Videochiamata conoscitiva<\/span>\n\t\t\t\t\t<\/span>\n\t\t\t\t\t<\/a>\n\t\t\t\t<\/div>\n\t\t\t\t\t\t\t\t<\/div>\n\t\t\t\t<\/div>\n\t\t\t\t<\/div>\n\t\t<div class=\"elementor-element elementor-element-7022580 e-con-full e-flex elementor-invisible e-con e-child\" data-id=\"7022580\" data-element_type=\"container\" data-e-type=\"container\" id=\"game\" data-settings=\"{&quot;animation&quot;:&quot;fadeIn&quot;,&quot;background_background&quot;:&quot;classic&quot;,&quot;animation_delay&quot;:100}\">\n\t\t\t\t<div class=\"elementor-element elementor-element-fe55271 elementor-view-default elementor-widget elementor-widget-icon\" data-id=\"fe55271\" data-element_type=\"widget\" data-e-type=\"widget\" data-widget_type=\"icon.default\">\n\t\t\t\t<div class=\"elementor-widget-container\">\n\t\t\t\t\t\t\t<div class=\"elementor-icon-wrapper\">\n\t\t\t<div class=\"elementor-icon\">\n\t\t\t<svg aria-hidden=\"true\" class=\"e-font-icon-svg e-far-star\" viewbox=\"0 0 576 512\" xmlns=\"http:\/\/www.w3.org\/2000\/svg\"><path d=\"M528.1 171.5L382 150.2 316.7 17.8c-11.7-23.6-45.6-23.9-57.4 0L194 150.2 47.9 171.5c-26.2 3.8-36.7 36.1-17.7 54.6l105.7 103-25 145.5c-4.5 26.3 23.2 46 46.4 33.7L288 439.6l130.7 68.7c23.2 12.2 50.9-7.4 46.4-33.7l-25-145.5 105.7-103c19-18.5 8.5-50.8-17.7-54.6zM388.6 312.3l23.7 138.4L288 385.4l-124.3 65.3 23.7-138.4-100.6-98 139-20.2 62.2-126 62.2 126 139 20.2-100.6 98z\"><\/path><\/svg>\t\t\t<\/div>\n\t\t<\/div>\n\t\t\t\t\t\t<\/div>\n\t\t\t\t<\/div>\n\t\t\t\t<div class=\"elementor-element elementor-element-3477841 elementor-widget elementor-widget-heading\" data-id=\"3477841\" data-element_type=\"widget\" data-e-type=\"widget\" data-widget_type=\"heading.default\">\n\t\t\t\t<div class=\"elementor-widget-container\">\n\t\t\t\t\t<h3 class=\"elementor-heading-title elementor-size-default\">Il pacchetto Get in the Game per le persone che vogliono cambiare carriera<\/h3>\t\t\t\t<\/div>\n\t\t\t\t<\/div>\n\t\t\t\t<div class=\"elementor-element elementor-element-de5e898 elementor-widget elementor-widget-text-editor\" data-id=\"de5e898\" data-element_type=\"widget\" data-e-type=\"widget\" data-widget_type=\"text-editor.default\">\n\t\t\t\t<div class=\"elementor-widget-container\">\n\t\t\t\t\t\t\t\t\t<p><span style=\"font-weight: 400;\">Non \u00e8 mai troppo tardi per cambiare carriera; non \u00e8 mai troppo tardi per rimuovere gli ostacoli che ci impediscono di risplendere della nostra autenticit\u00e0 e unicit\u00e0.<\/span><\/p><p><span style=\"font-weight: 400;\">Posso aiutarti a superare questi ostacoli e realizzare il tuo percorso professionale.<\/span><\/p>\t\t\t\t\t\t\t\t<\/div>\n\t\t\t\t<\/div>\n\t\t\t\t<div class=\"elementor-element elementor-element-9e9f47d elementor-widget elementor-widget-button\" data-id=\"9e9f47d\" data-element_type=\"widget\" data-e-type=\"widget\" data-widget_type=\"button.default\">\n\t\t\t\t<div class=\"elementor-widget-container\">\n\t\t\t\t\t\t\t\t\t<div class=\"elementor-button-wrapper\">\n\t\t\t\t\t<a class=\"elementor-button elementor-button-link elementor-size-sm\" href=\"https:\/\/pauseforyourenaissance.com\/it\/discovery-call\/\">\n\t\t\t\t\t\t<span class=\"elementor-button-content-wrapper\">\n\t\t\t\t\t\t\t\t\t<span class=\"elementor-button-text\">Videochiamata conoscitiva<\/span>\n\t\t\t\t\t<\/span>\n\t\t\t\t\t<\/a>\n\t\t\t\t<\/div>\n\t\t\t\t\t\t\t\t<\/div>\n\t\t\t\t<\/div>\n\t\t\t\t<\/div>\n\t\t<div class=\"elementor-element elementor-element-658edeb e-con-full e-flex elementor-invisible e-con e-child\" data-id=\"658edeb\" data-element_type=\"container\" data-e-type=\"container\" id=\"weight\" data-settings=\"{&quot;animation&quot;:&quot;fadeIn&quot;,&quot;background_background&quot;:&quot;classic&quot;,&quot;animation_delay&quot;:100}\">\n\t\t\t\t<div class=\"elementor-element elementor-element-fe64492 elementor-view-default elementor-widget elementor-widget-icon\" data-id=\"fe64492\" data-element_type=\"widget\" data-e-type=\"widget\" data-widget_type=\"icon.default\">\n\t\t\t\t<div class=\"elementor-widget-container\">\n\t\t\t\t\t\t\t<div class=\"elementor-icon-wrapper\">\n\t\t\t<div class=\"elementor-icon\">\n\t\t\t<svg aria-hidden=\"true\" class=\"e-font-icon-svg e-fas-sun\" viewbox=\"0 0 512 512\" xmlns=\"http:\/\/www.w3.org\/2000\/svg\"><path d=\"M256 160c-52.9 0-96 43.1-96 96s43.1 96 96 96 96-43.1 96-96-43.1-96-96-96zm246.4 80.5l-94.7-47.3 33.5-100.4c4.5-13.6-8.4-26.5-21.9-21.9l-100.4 33.5-47.4-94.8c-6.4-12.8-24.6-12.8-31 0l-47.3 94.7L92.7 70.8c-13.6-4.5-26.5 8.4-21.9 21.9l33.5 100.4-94.7 47.4c-12.8 6.4-12.8 24.6 0 31l94.7 47.3-33.5 100.5c-4.5 13.6 8.4 26.5 21.9 21.9l100.4-33.5 47.3 94.7c6.4 12.8 24.6 12.8 31 0l47.3-94.7 100.4 33.5c13.6 4.5 26.5-8.4 21.9-21.9l-33.5-100.4 94.7-47.3c13-6.5 13-24.7.2-31.1zm-155.9 106c-49.9 49.9-131.1 49.9-181 0-49.9-49.9-49.9-131.1 0-181 49.9-49.9 131.1-49.9 181 0 49.9 49.9 49.9 131.1 0 181z\"><\/path><\/svg>\t\t\t<\/div>\n\t\t<\/div>\n\t\t\t\t\t\t<\/div>\n\t\t\t\t<\/div>\n\t\t\t\t<div class=\"elementor-element elementor-element-506a9e4 elementor-widget elementor-widget-heading\" data-id=\"506a9e4\" data-element_type=\"widget\" data-e-type=\"widget\" data-widget_type=\"heading.default\">\n\t\t\t\t<div class=\"elementor-widget-container\">\n\t\t\t\t\t<h3 class=\"elementor-heading-title elementor-size-default\">Il pacchetto The Perfect Weight for You per le persone che vogliono perdere peso<\/h3>\t\t\t\t<\/div>\n\t\t\t\t<\/div>\n\t\t\t\t<div class=\"elementor-element elementor-element-477b58e elementor-widget elementor-widget-text-editor\" data-id=\"477b58e\" data-element_type=\"widget\" data-e-type=\"widget\" data-widget_type=\"text-editor.default\">\n\t\t\t\t<div class=\"elementor-widget-container\">\n\t\t\t\t\t\t\t\t\t<p><span style=\"font-weight: 400;\">Credo fermamente che nessuna dieta funzioni se il nostro stato mentale non \u00e8 preparato e disposto a perdere peso. Mangiare sano e fare attivit\u00e0 fisica \u00e8 importante.<\/span><\/p><p><span style=\"font-weight: 400;\">La fame emotiva pu\u00f2 sopraffarci; tuttavia, possiamo lavorare insieme e costruire qualcosa di potente e apportare cambiamenti sorprendenti. Non esiste un peso perfetto, esiste solo il peso PERFETTO per ognuno di noi.<\/span><\/p>\t\t\t\t\t\t\t\t<\/div>\n\t\t\t\t<\/div>\n\t\t\t\t<div class=\"elementor-element elementor-element-dc7c47f elementor-widget elementor-widget-button\" data-id=\"dc7c47f\" data-element_type=\"widget\" data-e-type=\"widget\" data-widget_type=\"button.default\">\n\t\t\t\t<div class=\"elementor-widget-container\">\n\t\t\t\t\t\t\t\t\t<div class=\"elementor-button-wrapper\">\n\t\t\t\t\t<a class=\"elementor-button elementor-button-link elementor-size-sm\" href=\"https:\/\/pauseforyourenaissance.com\/it\/discovery-call\/\">\n\t\t\t\t\t\t<span class=\"elementor-button-content-wrapper\">\n\t\t\t\t\t\t\t\t\t<span class=\"elementor-button-text\">Videochiamata conoscitiva<\/span>\n\t\t\t\t\t<\/span>\n\t\t\t\t\t<\/a>\n\t\t\t\t<\/div>\n\t\t\t\t\t\t\t\t<\/div>\n\t\t\t\t<\/div>\n\t\t\t\t<\/div>\n\t\t<div class=\"elementor-element elementor-element-ea33a07 e-con-full e-flex elementor-invisible e-con e-child\" data-id=\"ea33a07\" data-element_type=\"container\" data-e-type=\"container\" id=\"path\" data-settings=\"{&quot;animation&quot;:&quot;fadeIn&quot;,&quot;background_background&quot;:&quot;classic&quot;,&quot;animation_delay&quot;:100}\">\n\t\t\t\t<div class=\"elementor-element elementor-element-fed6abd elementor-view-default elementor-widget elementor-widget-icon\" data-id=\"fed6abd\" data-element_type=\"widget\" data-e-type=\"widget\" data-widget_type=\"icon.default\">\n\t\t\t\t<div class=\"elementor-widget-container\">\n\t\t\t\t\t\t\t<div class=\"elementor-icon-wrapper\">\n\t\t\t<div class=\"elementor-icon\">\n\t\t\t<svg aria-hidden=\"true\" class=\"e-font-icon-svg e-fas-unlock-alt\" viewbox=\"0 0 448 512\" xmlns=\"http:\/\/www.w3.org\/2000\/svg\"><path d=\"M400 256H152V152.9c0-39.6 31.7-72.5 71.3-72.9 40-.4 72.7 32.1 72.7 72v16c0 13.3 10.7 24 24 24h32c13.3 0 24-10.7 24-24v-16C376 68 307.5-.3 223.5 0 139.5.3 72 69.5 72 153.5V256H48c-26.5 0-48 21.5-48 48v160c0 26.5 21.5 48 48 48h352c26.5 0 48-21.5 48-48V304c0-26.5-21.5-48-48-48zM264 408c0 22.1-17.9 40-40 40s-40-17.9-40-40v-48c0-22.1 17.9-40 40-40s40 17.9 40 40v48z\"><\/path><\/svg>\t\t\t<\/div>\n\t\t<\/div>\n\t\t\t\t\t\t<\/div>\n\t\t\t\t<\/div>\n\t\t\t\t<div class=\"elementor-element elementor-element-dcd7b23 elementor-widget elementor-widget-heading\" data-id=\"dcd7b23\" data-element_type=\"widget\" data-e-type=\"widget\" data-widget_type=\"heading.default\">\n\t\t\t\t<div class=\"elementor-widget-container\">\n\t\t\t\t\t<h3 class=\"elementor-heading-title elementor-size-default\">Il pacchetto Unlock Your Path to Possibilities per le persone che vogliono diventare la versione autentica di se stesse.<\/h3>\t\t\t\t<\/div>\n\t\t\t\t<\/div>\n\t\t\t\t<div class=\"elementor-element elementor-element-ed747e5 elementor-widget elementor-widget-text-editor\" data-id=\"ed747e5\" data-element_type=\"widget\" data-e-type=\"widget\" data-widget_type=\"text-editor.default\">\n\t\t\t\t<div class=\"elementor-widget-container\">\n\t\t\t\t\t\t\t\t\t<p><span style=\"font-weight: 400;\">Se ci sentiamo bloccati e continuiamo a ripetere gli stessi schemi e ad attrarre le stesse persone e situazioni, possiamo cambiare tutto questo.<\/span><\/p><p><span style=\"font-weight: 400;\">\u00c8 solo una questione di energia. Posso aiutarti a cambiare e a farti splendere nel tuo percorso.<\/span><\/p>\t\t\t\t\t\t\t\t<\/div>\n\t\t\t\t<\/div>\n\t\t\t\t<div class=\"elementor-element elementor-element-b27a271 elementor-widget elementor-widget-button\" data-id=\"b27a271\" data-element_type=\"widget\" data-e-type=\"widget\" data-widget_type=\"button.default\">\n\t\t\t\t<div class=\"elementor-widget-container\">\n\t\t\t\t\t\t\t\t\t<div class=\"elementor-button-wrapper\">\n\t\t\t\t\t<a class=\"elementor-button elementor-button-link elementor-size-sm\" href=\"https:\/\/pauseforyourenaissance.com\/it\/discovery-call\/\">\n\t\t\t\t\t\t<span class=\"elementor-button-content-wrapper\">\n\t\t\t\t\t\t\t\t\t<span class=\"elementor-button-text\">Videochiamata conoscitiva<\/span>\n\t\t\t\t\t<\/span>\n\t\t\t\t\t<\/a>\n\t\t\t\t<\/div>\n\t\t\t\t\t\t\t\t<\/div>\n\t\t\t\t<\/div>\n\t\t\t\t<\/div>\n\t\t\t\t\t<\/div>\n\t\t\t\t<\/div>\n\t\t\t\t<\/div>","protected":false},"excerpt":{"rendered":"<p>ThetaHealing Sessions \u201cThetaHealing\u00ae is a world-renowned meditation technique and spiritual philosophy founded by Vianna Stibal. The ThetaHealing technique helps you improve your mind, body, and spirit by connecting with the Creator Of All That Is.\u201d About ThetaHealing ThetaHealing is a dynamic therapy using dream-state meditation, quantum physics and epigenetics to clear blocks and create effortlessly. [&hellip;]<\/p>\n","protected":false},"author":1,"featured_media":0,"parent":0,"menu_order":0,"comment_status":"closed","ping_status":"closed","template":"","meta":{"_acf_changed":false,"footnotes":""},"class_list":["post-47","page","type-page","status-publish","hentry"],"acf":[],"jetpack_sharing_enabled":true,"_links":{"self":[{"href":"https:\/\/pauseforyourenaissance.com\/it\/wp-json\/wp\/v2\/pages\/47","targetHints":{"allow":["GET"]}}],"collection":[{"href":"https:\/\/pauseforyourenaissance.com\/it\/wp-json\/wp\/v2\/pages"}],"about":[{"href":"https:\/\/pauseforyourenaissance.com\/it\/wp-json\/wp\/v2\/types\/page"}],"author":[{"embeddable":true,"href":"https:\/\/pauseforyourenaissance.com\/it\/wp-json\/wp\/v2\/users\/1"}],"replies":[{"embeddable":true,"href":"https:\/\/pauseforyourenaissance.com\/it\/wp-json\/wp\/v2\/comments?post=47"}],"version-history":[{"count":516,"href":"https:\/\/pauseforyourenaissance.com\/it\/wp-json\/wp\/v2\/pages\/47\/revisions"}],"predecessor-version":[{"id":5733,"href":"https:\/\/pauseforyourenaissance.com\/it\/wp-json\/wp\/v2\/pages\/47\/revisions\/5733"}],"wp:attachment":[{"href":"https:\/\/pauseforyourenaissance.com\/it\/wp-json\/wp\/v2\/media?parent=47"}],"curies":[{"name":"wp","href":"https:\/\/api.w.org\/{rel}","templated":true}]}}