{"id":48,"date":"2024-08-15T14:21:44","date_gmt":"2024-08-15T13:21:44","guid":{"rendered":"https:\/\/pauseforyourenaissance.com\/?page_id=48"},"modified":"2024-10-02T14:20:00","modified_gmt":"2024-10-02T13:20:00","slug":"rahanni-celestial-healing-sessions","status":"publish","type":"page","link":"https:\/\/pauseforyourenaissance.com\/it\/rahanni-celestial-healing-sessions\/","title":{"rendered":"Rahanni Celestial Healing Sessioni"},"content":{"rendered":"<div data-elementor-type=\"wp-page\" data-elementor-id=\"48\" class=\"elementor elementor-48\" data-elementor-post-type=\"page\">\n\t\t\t\t<div class=\"elementor-element elementor-element-684ac92 e-flex e-con-boxed e-con e-parent\" data-id=\"684ac92\" data-element_type=\"container\" data-e-type=\"container\" data-settings=\"{&quot;background_background&quot;:&quot;gradient&quot;}\">\n\t\t\t\t\t<div class=\"e-con-inner\">\n\t\t\t\t<div class=\"elementor-element elementor-element-a15f4bb elementor-widget elementor-widget-heading\" data-id=\"a15f4bb\" data-element_type=\"widget\" data-e-type=\"widget\" data-widget_type=\"heading.default\">\n\t\t\t\t<div class=\"elementor-widget-container\">\n\t\t\t\t\t<h2 class=\"elementor-heading-title elementor-size-default\">Rahanni Celestial Healing sessioni<\/h2>\t\t\t\t<\/div>\n\t\t\t\t<\/div>\n\t\t\t\t\t<\/div>\n\t\t\t\t<\/div>\n\t\t<div class=\"elementor-element elementor-element-066e2c2 e-flex e-con-boxed e-con e-parent\" data-id=\"066e2c2\" data-element_type=\"container\" data-e-type=\"container\">\n\t\t\t\t\t<div class=\"e-con-inner\">\n\t\t<div class=\"elementor-element elementor-element-e4f0149 e-con-full e-flex e-con e-child\" data-id=\"e4f0149\" data-element_type=\"container\" data-e-type=\"container\">\n\t\t\t\t<div class=\"elementor-element elementor-element-7e00eb6 elementor-invisible elementor-widget elementor-widget-image\" data-id=\"7e00eb6\" data-element_type=\"widget\" data-e-type=\"widget\" data-settings=\"{&quot;_animation&quot;:&quot;zoomIn&quot;,&quot;_animation_delay&quot;:100}\" data-widget_type=\"image.default\">\n\t\t\t\t<div class=\"elementor-widget-container\">\n\t\t\t\t\t\t\t\t\t\t\t\t\t\t\t<img fetchpriority=\"high\" decoding=\"async\" width=\"800\" height=\"700\" src=\"https:\/\/pauseforyourenaissance.com\/wp-content\/uploads\/2024\/09\/Rahanni-Logo-2-1024x896.png\" class=\"attachment-large size-large wp-image-3406\" alt=\"Rahanni Celestial Healing Sessions\" srcset=\"https:\/\/pauseforyourenaissance.com\/wp-content\/uploads\/2024\/09\/Rahanni-Logo-2-1024x896.png 1024w, https:\/\/pauseforyourenaissance.com\/wp-content\/uploads\/2024\/09\/Rahanni-Logo-2-300x263.png 300w, https:\/\/pauseforyourenaissance.com\/wp-content\/uploads\/2024\/09\/Rahanni-Logo-2-768x672.png 768w, https:\/\/pauseforyourenaissance.com\/wp-content\/uploads\/2024\/09\/Rahanni-Logo-2.png 1051w\" sizes=\"(max-width: 800px) 100vw, 800px\" \/>\t\t\t\t\t\t\t\t\t\t\t\t\t\t\t<\/div>\n\t\t\t\t<\/div>\n\t\t\t\t<\/div>\n\t\t<div class=\"elementor-element elementor-element-d3ceb1d e-con-full e-flex e-con e-child\" data-id=\"d3ceb1d\" data-element_type=\"container\" data-e-type=\"container\">\n\t\t\t\t<div class=\"elementor-element elementor-element-b14acda elementor-widget elementor-widget-text-editor\" data-id=\"b14acda\" data-element_type=\"widget\" data-e-type=\"widget\" data-widget_type=\"text-editor.default\">\n\t\t\t\t<div class=\"elementor-widget-container\">\n\t\t\t\t\t\t\t\t\t<p><span style=\"font-weight: 400;\">Rahanni \u00e8 una modalit\u00e0 di guarigione che agisce su una vibrazione pi\u00f9 elevata e a un livello pi\u00f9 profondo.<\/span><\/p><p><span style=\"font-weight: 400;\">Grazie al profondo senso di rilassamento e tranquillit\u00e0 che si prova durante il trattamento, Rahanni \u00e8 consigliato a chiunque si senta particolarmente stressato o privo di equilibrio e abbia bisogno di una prospettiva pi\u00f9 positiva.<\/span><\/p>\t\t\t\t\t\t\t\t<\/div>\n\t\t\t\t<\/div>\n\t\t\t\t<\/div>\n\t\t<div class=\"elementor-element elementor-element-7206ae5 e-con-full e-flex e-con e-child\" data-id=\"7206ae5\" data-element_type=\"container\" data-e-type=\"container\">\n\t\t\t\t<div class=\"elementor-element elementor-element-2ab4666 elementor-widget elementor-widget-text-editor\" data-id=\"2ab4666\" data-element_type=\"widget\" data-e-type=\"widget\" data-widget_type=\"text-editor.default\">\n\t\t\t\t<div class=\"elementor-widget-container\">\n\t\t\t\t\t\t\t\t\t<p><span style=\"font-weight: 400;\">Rahanni significa \u201cDi un solo cuore\u201d ed \u00e8 una terapia delicata ma efficace che guarisce<\/span> <span style=\"font-weight: 400;\">profondamente a livello del cuore. Rahanni ci aiuta ad arrenderci, a lasciare andare e a distaccarci dalla paura e dal pensiero negativo equilibrandoci e connettendoci al nostro cuore, aprendoci alla nostra verit\u00e0, amore e compassione.<\/span><\/p><p><span style=\"font-weight: 400;\">Rahanni lavora bilanciando gli aspetti maschili e femminili (Yin e Yang) di ogni individuo.<\/span><b>\u00a0<\/b><span style=\"font-weight: 400;\">Rahanni e' un trattamento intenso.<\/span><\/p>\t\t\t\t\t\t\t\t<\/div>\n\t\t\t\t<\/div>\n\t\t\t\t<\/div>\n\t\t\t\t\t<\/div>\n\t\t\t\t<\/div>\n\t\t<div class=\"elementor-element elementor-element-98fdeb8 e-flex e-con-boxed e-con e-parent\" data-id=\"98fdeb8\" data-element_type=\"container\" data-e-type=\"container\" data-settings=\"{&quot;background_background&quot;:&quot;gradient&quot;}\">\n\t\t\t\t\t<div class=\"e-con-inner\">\n\t\t\t\t<div class=\"elementor-element elementor-element-677cde9 elementor-widget__width-initial elementor-widget elementor-widget-text-editor\" data-id=\"677cde9\" data-element_type=\"widget\" data-e-type=\"widget\" data-settings=\"{&quot;_animation&quot;:&quot;none&quot;}\" data-widget_type=\"text-editor.default\">\n\t\t\t\t<div class=\"elementor-widget-container\">\n\t\t\t\t\t\t\t\t\t<p>Cosa accade durante una sessione di Rahanni...<\/p>\t\t\t\t\t\t\t\t<\/div>\n\t\t\t\t<\/div>\n\t\t\t\t<div class=\"elementor-element elementor-element-f23aca3 elementor-widget__width-initial elementor-widget elementor-widget-text-editor\" data-id=\"f23aca3\" data-element_type=\"widget\" data-e-type=\"widget\" data-widget_type=\"text-editor.default\">\n\t\t\t\t<div class=\"elementor-widget-container\">\n\t\t\t\t\t\t\t\t\t<p><span style=\"font-weight: 400;\">Come in una sessione di Reiki, durante una sessione di Rahanni Celestial Healing, le mani possono essere posizionate (o meno) delicatamente su varie aree del corpo mentre il praticante canalizza l'energia di Rahanni Celestial Healing che lavora sull\u2019equilibrio e sulla guarigione della mente, del corpo e dell'anima di ogni essere umano e animale.<\/span><\/p>\t\t\t\t\t\t\t\t<\/div>\n\t\t\t\t<\/div>\n\t\t\t\t\t<\/div>\n\t\t\t\t<\/div>\n\t\t<div class=\"elementor-element elementor-element-727fa5c e-flex e-con-boxed e-con e-parent\" data-id=\"727fa5c\" data-element_type=\"container\" data-e-type=\"container\">\n\t\t\t\t\t<div class=\"e-con-inner\">\n\t\t<div class=\"elementor-element elementor-element-514be8a e-con-full e-flex e-con e-child\" data-id=\"514be8a\" data-element_type=\"container\" data-e-type=\"container\">\n\t\t\t\t<div class=\"elementor-element elementor-element-e02d89b elementor-invisible elementor-widget elementor-widget-image\" data-id=\"e02d89b\" data-element_type=\"widget\" data-e-type=\"widget\" data-settings=\"{&quot;_animation&quot;:&quot;fadeIn&quot;}\" data-widget_type=\"image.default\">\n\t\t\t\t<div class=\"elementor-widget-container\">\n\t\t\t\t\t\t\t\t\t\t\t\t\t\t\t<img decoding=\"async\" width=\"750\" height=\"600\" src=\"https:\/\/pauseforyourenaissance.com\/wp-content\/uploads\/2024\/09\/Rahanni-website-image.jpg\" class=\"attachment-large size-large wp-image-3499\" alt=\"Rahanni Celestial Healing Sessions Crystals\" srcset=\"https:\/\/pauseforyourenaissance.com\/wp-content\/uploads\/2024\/09\/Rahanni-website-image.jpg 750w, https:\/\/pauseforyourenaissance.com\/wp-content\/uploads\/2024\/09\/Rahanni-website-image-300x240.jpg 300w\" sizes=\"(max-width: 750px) 100vw, 750px\" \/>\t\t\t\t\t\t\t\t\t\t\t\t\t\t\t<\/div>\n\t\t\t\t<\/div>\n\t\t\t\t<\/div>\n\t\t<div class=\"elementor-element elementor-element-fdf45bb e-con-full e-flex e-con e-child\" data-id=\"fdf45bb\" data-element_type=\"container\" data-e-type=\"container\">\n\t\t\t\t<div class=\"elementor-element elementor-element-052ce47 elementor-widget elementor-widget-heading\" data-id=\"052ce47\" data-element_type=\"widget\" data-e-type=\"widget\" data-widget_type=\"heading.default\">\n\t\t\t\t<div class=\"elementor-widget-container\">\n\t\t\t\t\t<h4 class=\"elementor-heading-title elementor-size-default\">Alcuni benefici riportati da un trattamento Rahanni sono:<span style=\"text-align: var(--text-align)\"><\/span><\/h4>\t\t\t\t<\/div>\n\t\t\t\t<\/div>\n\t\t\t\t<div class=\"elementor-element elementor-element-8bc37ef elementor-widget elementor-widget-text-editor\" data-id=\"8bc37ef\" data-element_type=\"widget\" data-e-type=\"widget\" data-widget_type=\"text-editor.default\">\n\t\t\t\t<div class=\"elementor-widget-container\">\n\t\t\t\t\t\t\t\t\t<ul><li>Una mente pi\u00f9 calma<\/li><li>Riduce l'ansia<\/li><li>Allevia lo stress<\/li><li>Ripristina l'equilibrio tra mente, corpo e spirito<\/li><li>Possibile sblocco emotivo e fisico<\/li><li>Migliora il benessere <\/li><\/ul>\t\t\t\t\t\t\t\t<\/div>\n\t\t\t\t<\/div>\n\t\t\t\t<\/div>\n\t\t\t\t\t<\/div>\n\t\t\t\t<\/div>\n\t\t<div class=\"elementor-element elementor-element-45690c9 e-flex e-con-boxed e-con e-parent\" data-id=\"45690c9\" data-element_type=\"container\" data-e-type=\"container\" data-settings=\"{&quot;background_background&quot;:&quot;gradient&quot;}\">\n\t\t\t\t\t<div class=\"e-con-inner\">\n\t\t\t\t<div class=\"elementor-element elementor-element-1734a16 elementor-widget__width-initial elementor-widget elementor-widget-text-editor\" data-id=\"1734a16\" data-element_type=\"widget\" data-e-type=\"widget\" data-widget_type=\"text-editor.default\">\n\t\t\t\t<div class=\"elementor-widget-container\">\n\t\t\t\t\t\t\t\t\t<p><span style=\"font-weight: 400;\">Nei giorni successivi al trattamento...<\/span><\/p>\t\t\t\t\t\t\t\t<\/div>\n\t\t\t\t<\/div>\n\t\t\t\t<div class=\"elementor-element elementor-element-5739c08 elementor-widget__width-initial elementor-widget elementor-widget-text-editor\" data-id=\"5739c08\" data-element_type=\"widget\" data-e-type=\"widget\" data-widget_type=\"text-editor.default\">\n\t\t\t\t<div class=\"elementor-widget-container\">\n\t\t\t\t\t\t\t\t\t<p><span style=\"font-weight: 400;\">Nei giorni successivi al trattamento potrebbero verificarsi disturbi come mal di testa, nausea, sintomi di raffreddore, possibili sbalzi d'umore o pianto. Pu\u00f2 sembrare negativo, invece significa che la terapia sta funzionando. Se si verifica uno di questi sintomi, dovrebbe durare solo 24 ore. Alcune persone non hanno alcun disturbo, tutto dipende dal problema e dalla sua gravit\u00e0. Dopo il trattamento cerca di non fare sforzi per il resto della giornata, rilassati se puoi, questo permetter\u00e0 alle energie di fluire.<\/span><\/p>\t\t\t\t\t\t\t\t<\/div>\n\t\t\t\t<\/div>\n\t\t\t\t<div class=\"elementor-element elementor-element-d748569 elementor-widget__width-initial elementor-widget elementor-widget-text-editor\" data-id=\"d748569\" data-element_type=\"widget\" data-e-type=\"widget\" data-widget_type=\"text-editor.default\">\n\t\t\t\t<div class=\"elementor-widget-container\">\n\t\t\t\t\t\t\t\t\t<p><span style=\"font-weight: 400;\">Sentirai il beneficio con un solo trattamento...<\/span><\/p>\t\t\t\t\t\t\t\t<\/div>\n\t\t\t\t<\/div>\n\t\t\t\t<div class=\"elementor-element elementor-element-d04ec00 elementor-widget__width-initial elementor-widget elementor-widget-text-editor\" data-id=\"d04ec00\" data-element_type=\"widget\" data-e-type=\"widget\" data-widget_type=\"text-editor.default\">\n\t\t\t\t<div class=\"elementor-widget-container\">\n\t\t\t\t\t\t\t\t\t<p><span style=\"font-weight: 400;\">Sentirai il beneficio con un solo trattamento, tuttavia, si consiglia un ciclo di tre sessioni di Rahanni, o pi\u00f9 se ritieni di averne bisogno.<\/span><\/p>\t\t\t\t\t\t\t\t<\/div>\n\t\t\t\t<\/div>\n\t\t\t\t\t<\/div>\n\t\t\t\t<\/div>\n\t\t<div class=\"elementor-element elementor-element-05b0fd8 e-flex e-con-boxed e-con e-parent\" data-id=\"05b0fd8\" data-element_type=\"container\" data-e-type=\"container\">\n\t\t\t\t\t<div class=\"e-con-inner\">\n\t\t\t\t<div class=\"elementor-element elementor-element-86cba2f elementor-widget-divider--view-line_text elementor-widget-divider--element-align-center elementor-widget elementor-widget-divider\" data-id=\"86cba2f\" data-element_type=\"widget\" data-e-type=\"widget\" data-widget_type=\"divider.default\">\n\t\t\t\t<div class=\"elementor-widget-container\">\n\t\t\t\t\t\t\t<div class=\"elementor-divider\">\n\t\t\t<span class=\"elementor-divider-separator\">\n\t\t\t\t\t\t\t<span class=\"elementor-divider__text elementor-divider__element\">\n\t\t\t\tDettagli sulla sessione di Rahanni Ceestial Healing\t\t\t\t<\/span>\n\t\t\t\t\t\t<\/span>\n\t\t<\/div>\n\t\t\t\t\t\t<\/div>\n\t\t\t\t<\/div>\n\t\t\t\t<div class=\"elementor-element elementor-element-30af96a elementor-widget__width-initial elementor-invisible elementor-widget elementor-widget-text-editor\" data-id=\"30af96a\" data-element_type=\"widget\" data-e-type=\"widget\" data-settings=\"{&quot;_animation&quot;:&quot;fadeIn&quot;}\" data-widget_type=\"text-editor.default\">\n\t\t\t\t<div class=\"elementor-widget-container\">\n\t\t\t\t\t\t\t\t\t<p><span style=\"font-weight: 400;\">Se la distanza lo permette, la sessione pu\u00f2 essere tenuta di persona \u2013 si fornisce anche il servizio a domicilio a un costo aggiuntivo \u2013 oppure online.<br \/><\/span><\/p><p><span style=\"caret-color: #000000; color: #000000; text-align: start;\">Una sessione pu\u00f2 durare un'ora e comprende:<br \/><\/span><span style=\"caret-color: #000000; color: #000000; text-align: start;\">\u2013 Consultazione iniziale<br \/><\/span><span style=\"caret-color: #000000; color: #000000; text-align: start;\">\u2013  Trattamento da 20 to 25 minuti<br \/><\/span><span style=\"caret-color: #000000; color: #000000; text-align: start;\">\u2013 Feedback<\/span><\/p><p><em>A titolo precauzionale, posso offrire cure a distanza solo a:<\/em><br \/><em>\u2013 Pazienti affetti da cancro e sottoposti a chemioterapia\/radioterapia<\/em><br \/><em>\u2013 Chiunque abbia un pacemaker<\/em><\/p>\t\t\t\t\t\t\t\t<\/div>\n\t\t\t\t<\/div>\n\t\t\t\t<div class=\"elementor-element elementor-element-719e57b elementor-align-center elementor-widget elementor-widget-button\" data-id=\"719e57b\" data-element_type=\"widget\" data-e-type=\"widget\" data-widget_type=\"button.default\">\n\t\t\t\t<div class=\"elementor-widget-container\">\n\t\t\t\t\t\t\t\t\t<div class=\"elementor-button-wrapper\">\n\t\t\t\t\t<a class=\"elementor-button elementor-button-link elementor-size-sm\" href=\"https:\/\/pauseforyourenaissance.com\/it\/discovery-call\/\">\n\t\t\t\t\t\t<span class=\"elementor-button-content-wrapper\">\n\t\t\t\t\t\t\t\t\t<span class=\"elementor-button-text\">Prenota una videochiamata conoscitiva<\/span>\n\t\t\t\t\t<\/span>\n\t\t\t\t\t<\/a>\n\t\t\t\t<\/div>\n\t\t\t\t\t\t\t\t<\/div>\n\t\t\t\t<\/div>\n\t\t\t\t\t<\/div>\n\t\t\t\t<\/div>\n\t\t<div class=\"elementor-element elementor-element-513ff1e e-flex e-con-boxed e-con e-parent\" data-id=\"513ff1e\" data-element_type=\"container\" data-e-type=\"container\">\n\t\t\t\t\t<div class=\"e-con-inner\">\n\t\t\t\t<div class=\"elementor-element elementor-element-2cffd7f elementor-widget elementor-widget-text-editor\" data-id=\"2cffd7f\" data-element_type=\"widget\" data-e-type=\"widget\" data-widget_type=\"text-editor.default\">\n\t\t\t\t<div class=\"elementor-widget-container\">\n\t\t\t\t\t\t\t\t\t<p><i><span style=\"font-weight: 400;\">*Rahanni \u00e8 una modalit\u00e0 di guarigione naturale e funziona insieme alla medicina convenzionale, non come sostituto. Rahanni \u00e8 una terapia complementare.<br \/><\/span><\/i><i><span style=\"font-weight: 400;\">Non consiglier\u00f2 mai di interrompere qualsiasi farmaco prescritto da un professionista. Non sono qualificata per fornire consulenza medica.<\/span><\/i><\/p>\t\t\t\t\t\t\t\t<\/div>\n\t\t\t\t<\/div>\n\t\t\t\t\t<\/div>\n\t\t\t\t<\/div>\n\t\t\t\t<\/div>","protected":false},"excerpt":{"rendered":"<p>Rahanni Celestial Healing sessions Rahanni is a fifth dimensional healing modality that works on a higher vibration and a deeper level, therefore cutting down the healing time. Rahanni Celestial healing can help alleviate many forms of emotional, mental, spiritual and physical issues. Due to the deep sense of relaxation and tranquillity that may be experienced [&hellip;]<\/p>\n","protected":false},"author":1,"featured_media":0,"parent":0,"menu_order":0,"comment_status":"closed","ping_status":"closed","template":"","meta":{"_acf_changed":false,"footnotes":""},"class_list":["post-48","page","type-page","status-publish","hentry"],"acf":[],"jetpack_sharing_enabled":true,"_links":{"self":[{"href":"https:\/\/pauseforyourenaissance.com\/it\/wp-json\/wp\/v2\/pages\/48","targetHints":{"allow":["GET"]}}],"collection":[{"href":"https:\/\/pauseforyourenaissance.com\/it\/wp-json\/wp\/v2\/pages"}],"about":[{"href":"https:\/\/pauseforyourenaissance.com\/it\/wp-json\/wp\/v2\/types\/page"}],"author":[{"embeddable":true,"href":"https:\/\/pauseforyourenaissance.com\/it\/wp-json\/wp\/v2\/users\/1"}],"replies":[{"embeddable":true,"href":"https:\/\/pauseforyourenaissance.com\/it\/wp-json\/wp\/v2\/comments?post=48"}],"version-history":[{"count":303,"href":"https:\/\/pauseforyourenaissance.com\/it\/wp-json\/wp\/v2\/pages\/48\/revisions"}],"predecessor-version":[{"id":5726,"href":"https:\/\/pauseforyourenaissance.com\/it\/wp-json\/wp\/v2\/pages\/48\/revisions\/5726"}],"wp:attachment":[{"href":"https:\/\/pauseforyourenaissance.com\/it\/wp-json\/wp\/v2\/media?parent=48"}],"curies":[{"name":"wp","href":"https:\/\/api.w.org\/{rel}","templated":true}]}}