{"id":49,"date":"2024-08-15T14:21:44","date_gmt":"2024-08-15T13:21:44","guid":{"rendered":"https:\/\/pauseforyourenaissance.com\/?page_id=49"},"modified":"2024-10-03T07:58:10","modified_gmt":"2024-10-03T06:58:10","slug":"oracle-card-reading","status":"publish","type":"page","link":"https:\/\/pauseforyourenaissance.com\/it\/oracle-card-reading\/","title":{"rendered":"Lettura Carte Oracolari"},"content":{"rendered":"<div data-elementor-type=\"wp-page\" data-elementor-id=\"49\" class=\"elementor elementor-49\" data-elementor-post-type=\"page\">\n\t\t\t\t<div class=\"elementor-element elementor-element-45cb329 e-flex e-con-boxed e-con e-parent\" data-id=\"45cb329\" data-element_type=\"container\" data-e-type=\"container\" data-settings=\"{&quot;background_background&quot;:&quot;gradient&quot;}\">\n\t\t\t\t\t<div class=\"e-con-inner\">\n\t\t\t\t<div class=\"elementor-element elementor-element-93e70c1 elementor-widget elementor-widget-heading\" data-id=\"93e70c1\" data-element_type=\"widget\" data-e-type=\"widget\" data-widget_type=\"heading.default\">\n\t\t\t\t<div class=\"elementor-widget-container\">\n\t\t\t\t\t<h2 class=\"elementor-heading-title elementor-size-default\">Lettura Carte Oracolari<\/h2>\t\t\t\t<\/div>\n\t\t\t\t<\/div>\n\t\t\t\t\t<\/div>\n\t\t\t\t<\/div>\n\t\t<div class=\"elementor-element elementor-element-39fad95 e-flex e-con-boxed e-con e-parent\" data-id=\"39fad95\" data-element_type=\"container\" data-e-type=\"container\">\n\t\t\t\t\t<div class=\"e-con-inner\">\n\t\t<div class=\"elementor-element elementor-element-6f9ca41 e-con-full e-flex e-con e-child\" data-id=\"6f9ca41\" data-element_type=\"container\" data-e-type=\"container\">\n\t\t\t\t<div class=\"elementor-element elementor-element-02fddfb elementor-widget__width-initial elementor-invisible elementor-widget elementor-widget-image\" data-id=\"02fddfb\" data-element_type=\"widget\" data-e-type=\"widget\" data-settings=\"{&quot;_animation&quot;:&quot;zoomIn&quot;,&quot;_animation_delay&quot;:100}\" data-widget_type=\"image.default\">\n\t\t\t\t<div class=\"elementor-widget-container\">\n\t\t\t\t\t\t\t\t\t\t\t\t\t\t\t<img fetchpriority=\"high\" decoding=\"async\" width=\"768\" height=\"1024\" src=\"https:\/\/pauseforyourenaissance.com\/wp-content\/uploads\/2024\/09\/rosi-carriere-oracle-card-reading-768x1024.jpg\" class=\"attachment-large size-large wp-image-5361\" alt=\"rosi carriere oracle card reading\" srcset=\"https:\/\/pauseforyourenaissance.com\/wp-content\/uploads\/2024\/09\/rosi-carriere-oracle-card-reading-768x1024.jpg 768w, https:\/\/pauseforyourenaissance.com\/wp-content\/uploads\/2024\/09\/rosi-carriere-oracle-card-reading-225x300.jpg 225w, https:\/\/pauseforyourenaissance.com\/wp-content\/uploads\/2024\/09\/rosi-carriere-oracle-card-reading-1152x1536.jpg 1152w, https:\/\/pauseforyourenaissance.com\/wp-content\/uploads\/2024\/09\/rosi-carriere-oracle-card-reading-1536x2048.jpg 1536w, https:\/\/pauseforyourenaissance.com\/wp-content\/uploads\/2024\/09\/rosi-carriere-oracle-card-reading-scaled.jpg 1920w\" sizes=\"(max-width: 768px) 100vw, 768px\" \/>\t\t\t\t\t\t\t\t\t\t\t\t\t\t\t<\/div>\n\t\t\t\t<\/div>\n\t\t\t\t<\/div>\n\t\t<div class=\"elementor-element elementor-element-0db1c52 e-con-full e-flex e-con e-child\" data-id=\"0db1c52\" data-element_type=\"container\" data-e-type=\"container\">\n\t\t\t\t<div class=\"elementor-element elementor-element-3f28a07 elementor-widget elementor-widget-text-editor\" data-id=\"3f28a07\" data-element_type=\"widget\" data-e-type=\"widget\" data-widget_type=\"text-editor.default\">\n\t\t\t\t<div class=\"elementor-widget-container\">\n\t\t\t\t\t\t\t\t\t<p>Oracolo, (latino oraculum da orare, \"pregare\" o \"parlare\"), \u00e8 una comunicazione divina consegnata in risposta alla richiesta di un postulante; inoltre, \u00e8 la sede della profezia stessa.<\/p><p>La lettura delle carte oracolari \u00e8 uno strumento popolare per coloro che cercano guida, intuizione personale e scoperta di s\u00e9.<\/p><p>Le carte oracolari sono generalmente utilizzate per una guida intuitiva o spirituale e forniscono approfondimenti su argomenti come l'autoriflessione, la crescita personale e il processo decisionale.<\/p>\t\t\t\t\t\t\t\t<\/div>\n\t\t\t\t<\/div>\n\t\t\t\t<div class=\"elementor-element elementor-element-5ff7f2b elementor-mobile-align-center elementor-widget elementor-widget-button\" data-id=\"5ff7f2b\" data-element_type=\"widget\" data-e-type=\"widget\" data-widget_type=\"button.default\">\n\t\t\t\t<div class=\"elementor-widget-container\">\n\t\t\t\t\t\t\t\t\t<div class=\"elementor-button-wrapper\">\n\t\t\t\t\t<a class=\"elementor-button elementor-button-link elementor-size-sm\" href=\"https:\/\/pauseforyourenaissance.com\/it\/discovery-call\/\">\n\t\t\t\t\t\t<span class=\"elementor-button-content-wrapper\">\n\t\t\t\t\t\t\t\t\t<span class=\"elementor-button-text\">Prenota una videochiamata conoscitiva<\/span>\n\t\t\t\t\t<\/span>\n\t\t\t\t\t<\/a>\n\t\t\t\t<\/div>\n\t\t\t\t\t\t\t\t<\/div>\n\t\t\t\t<\/div>\n\t\t\t\t<\/div>\n\t\t\t\t\t<\/div>\n\t\t\t\t<\/div>\n\t\t<div class=\"elementor-element elementor-element-71131e5 e-flex e-con-boxed e-con e-parent\" data-id=\"71131e5\" data-element_type=\"container\" data-e-type=\"container\" data-settings=\"{&quot;background_background&quot;:&quot;gradient&quot;}\">\n\t\t\t\t\t<div class=\"e-con-inner\">\n\t\t\t\t<div class=\"elementor-element elementor-element-7834781 elementor-widget__width-initial elementor-invisible elementor-widget elementor-widget-text-editor\" data-id=\"7834781\" data-element_type=\"widget\" data-e-type=\"widget\" data-settings=\"{&quot;_animation&quot;:&quot;fadeIn&quot;,&quot;_animation_delay&quot;:50}\" data-widget_type=\"text-editor.default\">\n\t\t\t\t<div class=\"elementor-widget-container\">\n\t\t\t\t\t\t\t\t\t<p>Una lettura psichica dell'oracolo aiuta...<\/p>\t\t\t\t\t\t\t\t<\/div>\n\t\t\t\t<\/div>\n\t\t\t\t<div class=\"elementor-element elementor-element-51dc374 elementor-widget__width-initial elementor-widget elementor-widget-text-editor\" data-id=\"51dc374\" data-element_type=\"widget\" data-e-type=\"widget\" data-widget_type=\"text-editor.default\">\n\t\t\t\t<div class=\"elementor-widget-container\">\n\t\t\t\t\t\t\t\t\t<p>Una lettura psichica dell'oracolo aiuta a capire le decisioni e gli obiettivi personali e professionali, oltre a offrire una maggiore comprensione delle relazioni, dei percorsi professionali, delle scelte di vita, della crescita spirituale e molto altro. <br>Utilizzo diversi mazzi di carte, tutti bellissimi.<\/p>\n<p>La lettura degli oracoli non fa previsioni e non \u00e8 uno strumento di cartomanzia.<br>\u00c8 un dispositivo e uno strumento di crescita personale. \u00c8 un intermediario tra te e la coscienza superiore.<\/p>\t\t\t\t\t\t\t\t<\/div>\n\t\t\t\t<\/div>\n\t\t\t\t\t<\/div>\n\t\t\t\t<\/div>\n\t\t<div class=\"elementor-element elementor-element-1ea1ca2 e-flex e-con-boxed e-con e-parent\" data-id=\"1ea1ca2\" data-element_type=\"container\" data-e-type=\"container\">\n\t\t\t\t\t<div class=\"e-con-inner\">\n\t\t\t\t<div class=\"elementor-element elementor-element-f6cd112 elementor-widget elementor-widget-text-editor\" data-id=\"f6cd112\" data-element_type=\"widget\" data-e-type=\"widget\" data-widget_type=\"text-editor.default\">\n\t\t\t\t<div class=\"elementor-widget-container\">\n\t\t\t\t\t\t\t\t\t<p>La sessione pu\u00f2 essere tenuta di persona  \u2013 \u00e8 possibile fornire anche il servizio a domicilio a un costo aggiuntivo \u2013 oppure online.<\/p>\t\t\t\t\t\t\t\t<\/div>\n\t\t\t\t<\/div>\n\t\t\t\t<div class=\"elementor-element elementor-element-57f694f elementor-widget elementor-widget-button\" data-id=\"57f694f\" data-element_type=\"widget\" data-e-type=\"widget\" data-widget_type=\"button.default\">\n\t\t\t\t<div class=\"elementor-widget-container\">\n\t\t\t\t\t\t\t\t\t<div class=\"elementor-button-wrapper\">\n\t\t\t\t\t<a class=\"elementor-button elementor-button-link elementor-size-sm\" href=\"https:\/\/pauseforyourenaissance.com\/it\/discovery-call\/\">\n\t\t\t\t\t\t<span class=\"elementor-button-content-wrapper\">\n\t\t\t\t\t\t\t\t\t<span class=\"elementor-button-text\">Videochiamata conoscitiva<\/span>\n\t\t\t\t\t<\/span>\n\t\t\t\t\t<\/a>\n\t\t\t\t<\/div>\n\t\t\t\t\t\t\t\t<\/div>\n\t\t\t\t<\/div>\n\t\t\t\t\t<\/div>\n\t\t\t\t<\/div>\n\t\t<div class=\"elementor-element elementor-element-d54f29e e-flex e-con-boxed e-con e-parent\" data-id=\"d54f29e\" data-element_type=\"container\" data-e-type=\"container\">\n\t\t\t\t\t<div class=\"e-con-inner\">\n\t\t\t\t<div class=\"elementor-element elementor-element-2593851 elementor-widget elementor-widget-text-editor\" data-id=\"2593851\" data-element_type=\"widget\" data-e-type=\"widget\" data-widget_type=\"text-editor.default\">\n\t\t\t\t<div class=\"elementor-widget-container\">\n\t\t\t\t\t\t\t\t\t<p><i><span style=\"font-weight: 400;\">* Oracle Card Readings are for entertainment purposes only.<\/span><\/i><\/p>\t\t\t\t\t\t\t\t<\/div>\n\t\t\t\t<\/div>\n\t\t\t\t\t<\/div>\n\t\t\t\t<\/div>\n\t\t\t\t<\/div>","protected":false},"excerpt":{"rendered":"<p>Oracle Card Reading Oracle, (Latin oraculum from orare, \u201cto pray,\u201d or \u201cto speak\u201d), is a divine communication delivered in response to a petitioner&#8217;s request; also, the seat of prophecy itself. Oracle card reading is a popular tool for those seeking guidance, personal insight, and self-discovery. Oracle cards are generally used for intuitive or spiritual guidance [&hellip;]<\/p>\n","protected":false},"author":1,"featured_media":0,"parent":0,"menu_order":0,"comment_status":"closed","ping_status":"closed","template":"","meta":{"_acf_changed":false,"footnotes":""},"class_list":["post-49","page","type-page","status-publish","hentry"],"acf":[],"jetpack_sharing_enabled":true,"_links":{"self":[{"href":"https:\/\/pauseforyourenaissance.com\/it\/wp-json\/wp\/v2\/pages\/49","targetHints":{"allow":["GET"]}}],"collection":[{"href":"https:\/\/pauseforyourenaissance.com\/it\/wp-json\/wp\/v2\/pages"}],"about":[{"href":"https:\/\/pauseforyourenaissance.com\/it\/wp-json\/wp\/v2\/types\/page"}],"author":[{"embeddable":true,"href":"https:\/\/pauseforyourenaissance.com\/it\/wp-json\/wp\/v2\/users\/1"}],"replies":[{"embeddable":true,"href":"https:\/\/pauseforyourenaissance.com\/it\/wp-json\/wp\/v2\/comments?post=49"}],"version-history":[{"count":174,"href":"https:\/\/pauseforyourenaissance.com\/it\/wp-json\/wp\/v2\/pages\/49\/revisions"}],"predecessor-version":[{"id":5742,"href":"https:\/\/pauseforyourenaissance.com\/it\/wp-json\/wp\/v2\/pages\/49\/revisions\/5742"}],"wp:attachment":[{"href":"https:\/\/pauseforyourenaissance.com\/it\/wp-json\/wp\/v2\/media?parent=49"}],"curies":[{"name":"wp","href":"https:\/\/api.w.org\/{rel}","templated":true}]}}